{"id":923,"date":"2019-10-21T15:38:03","date_gmt":"2019-10-21T13:38:03","guid":{"rendered":"https:\/\/www.emarketingparis.com\/program"},"modified":"2026-03-30T17:34:23","modified_gmt":"2026-03-30T15:34:23","slug":"program","status":"publish","type":"page","link":"https:\/\/www.all4customer-paris.com\/en\/program","title":{"rendered":"Programme"},"content":{"rendered":"<div class=\"wpb-content-wrapper\"><p>[vc_row][vc_column]\n\t\t\t<!-- START Banni\u00e8re pages REVOLUTION SLIDER 6.6.7 --><p class=\"rs-p-wp-fix\"><\/p>\n\t\t\t<rs-module-wrap id=\"rev_slider_40_1_wrapper\" data-source=\"post\" style=\"visibility:hidden;background:#4f4f4f;padding:0;margin:0px auto;margin-top:0;margin-bottom:0;\">\n\t\t\t\t<rs-module id=\"rev_slider_40_1\" style=\"\" data-version=\"6.6.7\">\n\t\t\t\t\t<rs-slides style=\"overflow: hidden; position: absolute;\">\n\t\t\t\t\t\t<rs-slide style=\"position: absolute;\" data-key=\"rs-923\" data-title=\"Programme\" data-in=\"o:0;\" data-out=\"a:false;\">\n\t\t\t\t\t\t\t<img decoding=\"async\" src=\"\/\/www.all4customer-paris.com\/wp-content\/plugins\/revslider\/public\/assets\/assets\/dummy.png\" alt=\"\" title=\"A4CP-bandeau-rubrique-1920&#215;300\" width=\"1920\" height=\"300\" class=\"rev-slidebg tp-rs-img rs-lazyload\" data-lazyload=\"\/\/weyoumedia.blob.core.windows.net\/all4customer\/sites\/26\/2025\/10\/A4CP-bandeau-rubrique-1920x300-1.jpg\" data-bg=\"p:45% 50%;\" data-no-retina>\n<!--\n\t\t\t\t\t\t\t--><rs-layer\n\t\t\t\t\t\t\t\tid=\"slider-40-slide-923-layer-1\" \n\t\t\t\t\t\t\t\tdata-type=\"text\"\n\t\t\t\t\t\t\t\tdata-xy=\"x:l,l,l,c;xo:43px,20px,10px,-29px;y:m;yo:-3px,-30px,-30px,4px;\"\n\t\t\t\t\t\t\t\tdata-text=\"w:normal;s:52,40,40,40;l:40;fw:500;a:center;\"\n\t\t\t\t\t\t\t\tdata-dim=\"w:573px,500px,400px,400px;h:auto,auto,auto,47px;\"\n\t\t\t\t\t\t\t\tdata-frame_999=\"o:0;st:w;\"\n\t\t\t\t\t\t\t\tstyle=\"z-index:8;font-family:'Poppins';text-transform:uppercase;\"\n\t\t\t\t\t\t\t><h1>Programme<\/h1> \n\t\t\t\t\t\t\t<\/rs-layer><!--\n-->\t\t\t\t\t\t<\/rs-slide>\n\t\t\t\t\t<\/rs-slides>\n\t\t\t\t\t<rs-static-layers><!--\n\t\t\t\t\t--><\/rs-static-layers>\n\t\t\t\t<\/rs-module>\n\t\t\t\t<script>\n\t\t\t\t\tsetREVStartSize({c: 'rev_slider_40_1',rl:[1240,1024,778,480],el:[300,200,200,280],gw:[1650,1024,778,480],gh:[300,200,200,280],type:'hero',justify:'',layout:'fullwidth',mh:\"450\"});if (window.RS_MODULES!==undefined && window.RS_MODULES.modules!==undefined && window.RS_MODULES.modules[\"revslider401\"]!==undefined) {window.RS_MODULES.modules[\"revslider401\"].once = false;window.revapi40 = undefined;if (window.RS_MODULES.checkMinimal!==undefined) window.RS_MODULES.checkMinimal()}\n\t\t\t\t<\/script>\n\t\t\t<\/rs-module-wrap>\n\t\t\t<!-- END REVOLUTION SLIDER -->\n[\/vc_column][\/vc_row][vc_row][vc_column]\t<div class=\"wyvc-anchors\">\r\n\t\t\t\t\t\t<a class=\"wyvc-button wyvc-shortcode wyvc-btn-large\" href=\"#conferences-plenieres\">\r\n\t\t\t\t\t<span class=\"wyvc-btn-text\">Plenary Conferences<\/span>\r\n\t\t\t\t<\/a>\r\n\t\t\t\t\t\t\t<a class=\"wyvc-button wyvc-shortcode wyvc-btn-large\" href=\"#exhbitor-conferences\">\r\n\t\t\t\t\t<span class=\"wyvc-btn-text\">Expert conferences, Masterclasses and workshops<\/span>\r\n\t\t\t\t<\/a>\r\n\t\t\t\t<\/div>\r\n[\/vc_column][\/vc_row][vc_section el_id=&#8221;conferences-plenieres&#8221; css=&#8221;.vc_custom_1674556981099{padding-top: 100px !important;}&#8221;][vc_row equal_height=&#8221;yes&#8221;][vc_column]<div id=\"wyvc-section-title-1467\" class=\"wyvc-section-title wyvc-shortcode wyvc-section-title-1 \">\r\n\t<div class=\"wyvc-st-inner\">\r\n\t\t\t\t\t<div class=\"wyvc-st-title\">\r\n\t\t\t\t<p>plenary conferences<\/p>\n\t\t\t<\/div>\r\n\t\t\t\t\t<\/div>\r\n<\/div>\r\n[vc_row_inner][vc_column_inner width=&#8221;1\/2&#8243;][vc_single_image image=&#8221;6684&#8243; alignment=&#8221;center&#8221;][\/vc_column_inner][vc_column_inner width=&#8221;1\/2&#8243;][vc_empty_space height=&#8221;45px&#8221;]<div id=\"wyvc-section-title-4932\" class=\"wyvc-section-title wyvc-shortcode wyvc-section-title-2 \">\r\n\t<div class=\"wyvc-st-inner\">\r\n\t\t\t\t\t<div class=\"wyvc-st-title\">\r\n\t\t\t\t<p style=\"text-align: center\">2026 PLENARY CONFERENCES<\/p>\n\t\t\t<\/div>\r\n\t\t\t\t\t<\/div>\r\n<\/div>\r\n<div class=\"wyvc-button-wrapper wyvc-btn-center\">\r\n\t<a class=\"wyvc-button wyvc-shortcode \" href=\"https:\/\/www.all4customer-paris.com\/en\/program\/conferences\" title=\"Conf\u00e9rences pl\u00e9ni\u00e8res\">\r\n\t\t<span class=\"wyvc-btn-text\">Programme<\/span>\r\n\t<\/a>\r\n<\/div>[\/vc_column_inner][\/vc_row_inner][\/vc_column][\/vc_row][\/vc_section][vc_section el_id=&#8221;exhbitor-conferences&#8221; css=&#8221;.vc_custom_1674556985442{padding-top: 100px !important;}&#8221;][vc_row equal_height=&#8221;yes&#8221;][vc_column]<div id=\"wyvc-section-title-5129\" class=\"wyvc-section-title wyvc-shortcode wyvc-section-title-1 \">\r\n\t<div class=\"wyvc-st-inner\">\r\n\t\t\t\t\t<div class=\"wyvc-st-title\">\r\n\t\t\t\t<p style=\"text-align: center\">expert conferences, masterclass &amp; workshops<\/p>\n\t\t\t<\/div>\r\n\t\t\t\t\t<\/div>\r\n<\/div>\r\n[vc_row_inner][vc_column_inner width=&#8221;1\/3&#8243;]<div id=\"wyvc-section-title-9374\" class=\"wyvc-section-title wyvc-shortcode wyvc-section-title-2 \">\r\n\t<div class=\"wyvc-st-inner\">\r\n\t\t\t\t\t<div class=\"wyvc-st-title\">\r\n\t\t\t\t<p>EXPERT CONFERENCES<\/p>\n\t\t\t<\/div>\r\n\t\t\t\t\t<\/div>\r\n<\/div>\r\n<div class=\"wyvc-media-text-wrapper txt-img-btn\">\r\n\t<div class=\"wyvc-media-text wyvc-shortcode\">\r\n\t\t\t<div class=\"wyvc-image\">\r\n\t\t<img decoding=\"async\" width=\"640\" height=\"360\" src=\"https:\/\/salons.weyou-cms.com\/all4customer\/wp-content\/uploads\/sites\/26\/2024\/04\/P1111468.jpg\" class=\"attachment-large size-large\" alt=\"\" srcset=\"https:\/\/salons.weyou-cms.com\/all4customer\/wp-content\/uploads\/sites\/26\/2024\/04\/P1111468.jpg 900w, https:\/\/salons.weyou-cms.com\/all4customer\/wp-content\/uploads\/sites\/26\/2024\/04\/P1111468-300x169.jpg 300w, https:\/\/salons.weyou-cms.com\/all4customer\/wp-content\/uploads\/sites\/26\/2024\/04\/P1111468-768x432.jpg 768w, https:\/\/salons.weyou-cms.com\/all4customer\/wp-content\/uploads\/sites\/26\/2024\/04\/P1111468-89x50.jpg 89w\" sizes=\"(max-width: 640px) 100vw, 640px\" \/>\t<\/div>\r\n<div class=\"wyvc-button-wrapper wyvc-btn-center\">\r\n\t<a class=\"wyvc-button wyvc-shortcode\" href=\"https:\/\/www.all4customer-paris.com\/en\/program\/experts-conferences\" title=\"Experts conferences \u2013 Workshops\">\r\n\t\t<span class=\"wyvc-btn-text\">Programme<\/span>\r\n\t<\/a>\r\n<\/div>\r\n\t<\/div>\r\n<\/div>[\/vc_column_inner][vc_column_inner width=&#8221;1\/3&#8243;]<div id=\"wyvc-section-title-9795\" class=\"wyvc-section-title wyvc-shortcode wyvc-section-title-2 \">\r\n\t<div class=\"wyvc-st-inner\">\r\n\t\t\t\t\t<div class=\"wyvc-st-title\">\r\n\t\t\t\t<p>MASTERCLASSES<\/p>\n\t\t\t<\/div>\r\n\t\t\t\t\t<\/div>\r\n<\/div>\r\n<div class=\"wyvc-media-text-wrapper txt-img-btn\">\r\n\t<div class=\"wyvc-media-text wyvc-shortcode\">\r\n\t\t\t<div class=\"wyvc-image\">\r\n\t\t<img decoding=\"async\" width=\"640\" height=\"360\" src=\"https:\/\/weyoumedia.blob.core.windows.net\/all4customer\/sites\/26\/2025\/01\/P1111577-768x432-1.jpg\" class=\"attachment-large size-large\" alt=\"\" srcset=\"https:\/\/weyoumedia.blob.core.windows.net\/all4customer\/sites\/26\/2025\/01\/P1111577-768x432-1.jpg 768w, https:\/\/weyoumedia.blob.core.windows.net\/all4customer\/sites\/26\/2025\/01\/P1111577-768x432-1-300x169.jpg 300w, https:\/\/weyoumedia.blob.core.windows.net\/all4customer\/sites\/26\/2025\/01\/P1111577-768x432-1-89x50.jpg 89w\" sizes=\"(max-width: 640px) 100vw, 640px\" \/>\t<\/div>\r\n<div class=\"wyvc-button-wrapper wyvc-btn-center\">\r\n\t<a class=\"wyvc-button wyvc-shortcode\" href=\"https:\/\/www.all4customer-paris.com\/en\/program\/masterclass\" title=\"Exhibitor Pitch\">\r\n\t\t<span class=\"wyvc-btn-text\">Programme<\/span>\r\n\t<\/a>\r\n<\/div>\r\n\t<\/div>\r\n<\/div>[\/vc_column_inner][vc_column_inner width=&#8221;1\/3&#8243;]<div id=\"wyvc-section-title-6401\" class=\"wyvc-section-title wyvc-shortcode wyvc-section-title-2 \">\r\n\t<div class=\"wyvc-st-inner\">\r\n\t\t\t\t\t<div class=\"wyvc-st-title\">\r\n\t\t\t\t<p>WORKSHOPS<\/p>\n\t\t\t<\/div>\r\n\t\t\t\t\t<\/div>\r\n<\/div>\r\n<div class=\"wyvc-media-text-wrapper txt-img-btn\">\r\n\t<div class=\"wyvc-media-text wyvc-shortcode\">\r\n\t\t\t<div class=\"wyvc-image\">\r\n\t\t<img decoding=\"async\" width=\"640\" height=\"360\" src=\"https:\/\/salons.weyou-cms.com\/all4customer\/wp-content\/uploads\/sites\/26\/2024\/04\/P1111558.jpg\" class=\"attachment-large size-large\" alt=\"\" srcset=\"https:\/\/salons.weyou-cms.com\/all4customer\/wp-content\/uploads\/sites\/26\/2024\/04\/P1111558.jpg 900w, https:\/\/salons.weyou-cms.com\/all4customer\/wp-content\/uploads\/sites\/26\/2024\/04\/P1111558-300x169.jpg 300w, https:\/\/salons.weyou-cms.com\/all4customer\/wp-content\/uploads\/sites\/26\/2024\/04\/P1111558-768x432.jpg 768w, https:\/\/salons.weyou-cms.com\/all4customer\/wp-content\/uploads\/sites\/26\/2024\/04\/P1111558-89x50.jpg 89w\" sizes=\"(max-width: 640px) 100vw, 640px\" \/>\t<\/div>\r\n<div class=\"wyvc-button-wrapper wyvc-btn-center\">\r\n\t<a class=\"wyvc-button wyvc-shortcode\" href=\"https:\/\/www.all4customer-paris.com\/en\/program\/workshops-exhibitors\" title=\"Exhibitor Pitch\">\r\n\t\t<span class=\"wyvc-btn-text\">Programme<\/span>\r\n\t<\/a>\r\n<\/div>\r\n\t<\/div>\r\n<\/div>[\/vc_column_inner][\/vc_row_inner][\/vc_column][\/vc_row][\/vc_section]<\/p>\n<\/div>","protected":false},"excerpt":{"rendered":"<p>[vc_row][vc_column][\/vc_column][\/vc_row][vc_row][vc_column][\/vc_column][\/vc_row][vc_section el_id=&#8221;conferences-plenieres&#8221; css=&#8221;.vc_custom_1674556981099{padding-top: 100px !important;}&#8221;][vc_row equal_height=&#8221;yes&#8221;][vc_column][vc_row_inner][vc_column_inner width=&#8221;1\/2&#8243;][vc_single_image image=&#8221;6684&#8243; alignment=&#8221;center&#8221;][\/vc_column_inner][vc_column_inner width=&#8221;1\/2&#8243;][vc_empty_space height=&#8221;45px&#8221;][\/vc_column_inner][\/vc_row_inner][\/vc_column][\/vc_row][\/vc_section][vc_section el_id=&#8221;exhbitor-conferences&#8221; css=&#8221;.vc_custom_1674556985442{padding-top: 100px !important;}&#8221;][vc_row equal_height=&#8221;yes&#8221;][vc_column][vc_row_inner][vc_column_inner width=&#8221;1\/3&#8243;][\/vc_column_inner][vc_column_inner width=&#8221;1\/3&#8243;][\/vc_column_inner][vc_column_inner width=&#8221;1\/3&#8243;][\/vc_column_inner][\/vc_row_inner][\/vc_column][\/vc_row][\/vc_section]<\/p>\n","protected":false},"author":1,"featured_media":0,"parent":0,"menu_order":4,"comment_status":"closed","ping_status":"closed","template":"","meta":{"footnotes":""},"class_list":["post-923","page","type-page","status-publish","hentry"],"yoast_head":"<!-- This site is optimized with the Yoast SEO plugin v26.9 - https:\/\/yoast.com\/product\/yoast-seo-wordpress\/ -->\n<title>Programme | All4Customer Paris<\/title>\n<meta name=\"robots\" content=\"index, follow, max-snippet:-1, max-image-preview:large, max-video-preview:-1\" \/>\n<link rel=\"canonical\" href=\"https:\/\/www.all4customer-paris.com\/en\/program\" \/>\n<meta property=\"og:locale\" content=\"en_US\" \/>\n<meta property=\"og:type\" content=\"article\" \/>\n<meta property=\"og:title\" content=\"Programme | All4Customer Paris\" \/>\n<meta property=\"og:description\" content=\"[vc_row][vc_column][\/vc_column][\/vc_row][vc_row][vc_column][\/vc_column][\/vc_row][vc_section el_id=&#8221;conferences-plenieres&#8221; css=&#8221;.vc_custom_1674556981099{padding-top: 100px !important;}&#8221;][vc_row equal_height=&#8221;yes&#8221;][vc_column][vc_row_inner][vc_column_inner width=&#8221;1\/2&#8243;][vc_single_image image=&#8221;6684&#8243; alignment=&#8221;center&#8221;][\/vc_column_inner][vc_column_inner width=&#8221;1\/2&#8243;][vc_empty_space height=&#8221;45px&#8221;][\/vc_column_inner][\/vc_row_inner][\/vc_column][\/vc_row][\/vc_section][vc_section el_id=&#8221;exhbitor-conferences&#8221; css=&#8221;.vc_custom_1674556985442{padding-top: 100px !important;}&#8221;][vc_row equal_height=&#8221;yes&#8221;][vc_column][vc_row_inner][vc_column_inner width=&#8221;1\/3&#8243;][\/vc_column_inner][vc_column_inner width=&#8221;1\/3&#8243;][\/vc_column_inner][vc_column_inner width=&#8221;1\/3&#8243;][\/vc_column_inner][\/vc_row_inner][\/vc_column][\/vc_row][\/vc_section]\" \/>\n<meta property=\"og:url\" content=\"https:\/\/www.all4customer-paris.com\/en\/program\" \/>\n<meta property=\"og:site_name\" content=\"All4Customer Paris\" \/>\n<meta property=\"article:modified_time\" content=\"2026-03-30T15:34:23+00:00\" \/>\n<meta name=\"twitter:card\" content=\"summary_large_image\" \/>\n<meta name=\"twitter:label1\" content=\"Est. reading time\" \/>\n\t<meta name=\"twitter:data1\" content=\"1 minute\" \/>\n<script type=\"application\/ld+json\" class=\"yoast-schema-graph\">{\"@context\":\"https:\/\/schema.org\",\"@graph\":[{\"@type\":\"WebPage\",\"@id\":\"https:\/\/www.all4customer-paris.com\/en\/program\",\"url\":\"https:\/\/www.all4customer-paris.com\/en\/program\",\"name\":\"Programme | All4Customer Paris\",\"isPartOf\":{\"@id\":\"https:\/\/www.all4customer-paris.com\/en\/#website\"},\"datePublished\":\"2019-10-21T13:38:03+00:00\",\"dateModified\":\"2026-03-30T15:34:23+00:00\",\"breadcrumb\":{\"@id\":\"https:\/\/www.all4customer-paris.com\/en\/program#breadcrumb\"},\"inLanguage\":\"en-US\",\"potentialAction\":[{\"@type\":\"ReadAction\",\"target\":[\"https:\/\/www.all4customer-paris.com\/en\/program\"]}]},{\"@type\":\"BreadcrumbList\",\"@id\":\"https:\/\/www.all4customer-paris.com\/en\/program#breadcrumb\",\"itemListElement\":[{\"@type\":\"ListItem\",\"position\":1,\"name\":\"Home\",\"item\":\"https:\/\/salons.weyou-cms.com\/all4customer\/en\"},{\"@type\":\"ListItem\",\"position\":2,\"name\":\"Programme\"}]},{\"@type\":\"WebSite\",\"@id\":\"https:\/\/www.all4customer-paris.com\/en\/#website\",\"url\":\"https:\/\/www.all4customer-paris.com\/en\/\",\"name\":\"All4Customer Paris\",\"description\":\"\",\"publisher\":{\"@id\":\"https:\/\/www.all4customer-paris.com\/en\/#organization\"},\"potentialAction\":[{\"@type\":\"SearchAction\",\"target\":{\"@type\":\"EntryPoint\",\"urlTemplate\":\"https:\/\/www.all4customer-paris.com\/en\/?s={search_term_string}\"},\"query-input\":{\"@type\":\"PropertyValueSpecification\",\"valueRequired\":true,\"valueName\":\"search_term_string\"}}],\"inLanguage\":\"en-US\"},{\"@type\":\"Organization\",\"@id\":\"https:\/\/www.all4customer-paris.com\/en\/#organization\",\"name\":\"All 4 Customer Paris\",\"url\":\"https:\/\/www.all4customer-paris.com\/en\/\",\"logo\":{\"@type\":\"ImageObject\",\"inLanguage\":\"en-US\",\"@id\":\"https:\/\/www.all4customer-paris.com\/en\/#\/schema\/logo\/image\/\",\"url\":\"https:\/\/weyoumedia.blob.core.windows.net\/all4customer\/sites\/26\/2024\/04\/cropped-All4CustomerParis-2024_couleur.png\",\"contentUrl\":\"https:\/\/weyoumedia.blob.core.windows.net\/all4customer\/sites\/26\/2024\/04\/cropped-All4CustomerParis-2024_couleur.png\",\"width\":225,\"height\":175,\"caption\":\"All 4 Customer Paris\"},\"image\":{\"@id\":\"https:\/\/www.all4customer-paris.com\/en\/#\/schema\/logo\/image\/\"}}]}<\/script>\n<!-- \/ Yoast SEO plugin. -->","yoast_head_json":{"title":"Programme | All4Customer Paris","robots":{"index":"index","follow":"follow","max-snippet":"max-snippet:-1","max-image-preview":"max-image-preview:large","max-video-preview":"max-video-preview:-1"},"canonical":"https:\/\/www.all4customer-paris.com\/en\/program","og_locale":"en_US","og_type":"article","og_title":"Programme | All4Customer Paris","og_description":"[vc_row][vc_column][\/vc_column][\/vc_row][vc_row][vc_column][\/vc_column][\/vc_row][vc_section el_id=&#8221;conferences-plenieres&#8221; css=&#8221;.vc_custom_1674556981099{padding-top: 100px !important;}&#8221;][vc_row equal_height=&#8221;yes&#8221;][vc_column][vc_row_inner][vc_column_inner width=&#8221;1\/2&#8243;][vc_single_image image=&#8221;6684&#8243; alignment=&#8221;center&#8221;][\/vc_column_inner][vc_column_inner width=&#8221;1\/2&#8243;][vc_empty_space height=&#8221;45px&#8221;][\/vc_column_inner][\/vc_row_inner][\/vc_column][\/vc_row][\/vc_section][vc_section el_id=&#8221;exhbitor-conferences&#8221; css=&#8221;.vc_custom_1674556985442{padding-top: 100px !important;}&#8221;][vc_row equal_height=&#8221;yes&#8221;][vc_column][vc_row_inner][vc_column_inner width=&#8221;1\/3&#8243;][\/vc_column_inner][vc_column_inner width=&#8221;1\/3&#8243;][\/vc_column_inner][vc_column_inner width=&#8221;1\/3&#8243;][\/vc_column_inner][\/vc_row_inner][\/vc_column][\/vc_row][\/vc_section]","og_url":"https:\/\/www.all4customer-paris.com\/en\/program","og_site_name":"All4Customer Paris","article_modified_time":"2026-03-30T15:34:23+00:00","twitter_card":"summary_large_image","twitter_misc":{"Est. reading time":"1 minute"},"schema":{"@context":"https:\/\/schema.org","@graph":[{"@type":"WebPage","@id":"https:\/\/www.all4customer-paris.com\/en\/program","url":"https:\/\/www.all4customer-paris.com\/en\/program","name":"Programme | All4Customer Paris","isPartOf":{"@id":"https:\/\/www.all4customer-paris.com\/en\/#website"},"datePublished":"2019-10-21T13:38:03+00:00","dateModified":"2026-03-30T15:34:23+00:00","breadcrumb":{"@id":"https:\/\/www.all4customer-paris.com\/en\/program#breadcrumb"},"inLanguage":"en-US","potentialAction":[{"@type":"ReadAction","target":["https:\/\/www.all4customer-paris.com\/en\/program"]}]},{"@type":"BreadcrumbList","@id":"https:\/\/www.all4customer-paris.com\/en\/program#breadcrumb","itemListElement":[{"@type":"ListItem","position":1,"name":"Home","item":"https:\/\/salons.weyou-cms.com\/all4customer\/en"},{"@type":"ListItem","position":2,"name":"Programme"}]},{"@type":"WebSite","@id":"https:\/\/www.all4customer-paris.com\/en\/#website","url":"https:\/\/www.all4customer-paris.com\/en\/","name":"All4Customer Paris","description":"","publisher":{"@id":"https:\/\/www.all4customer-paris.com\/en\/#organization"},"potentialAction":[{"@type":"SearchAction","target":{"@type":"EntryPoint","urlTemplate":"https:\/\/www.all4customer-paris.com\/en\/?s={search_term_string}"},"query-input":{"@type":"PropertyValueSpecification","valueRequired":true,"valueName":"search_term_string"}}],"inLanguage":"en-US"},{"@type":"Organization","@id":"https:\/\/www.all4customer-paris.com\/en\/#organization","name":"All 4 Customer Paris","url":"https:\/\/www.all4customer-paris.com\/en\/","logo":{"@type":"ImageObject","inLanguage":"en-US","@id":"https:\/\/www.all4customer-paris.com\/en\/#\/schema\/logo\/image\/","url":"https:\/\/weyoumedia.blob.core.windows.net\/all4customer\/sites\/26\/2024\/04\/cropped-All4CustomerParis-2024_couleur.png","contentUrl":"https:\/\/weyoumedia.blob.core.windows.net\/all4customer\/sites\/26\/2024\/04\/cropped-All4CustomerParis-2024_couleur.png","width":225,"height":175,"caption":"All 4 Customer Paris"},"image":{"@id":"https:\/\/www.all4customer-paris.com\/en\/#\/schema\/logo\/image\/"}}]}},"_links":{"self":[{"href":"https:\/\/www.all4customer-paris.com\/en\/wp-json\/wp\/v2\/pages\/923","targetHints":{"allow":["GET"]}}],"collection":[{"href":"https:\/\/www.all4customer-paris.com\/en\/wp-json\/wp\/v2\/pages"}],"about":[{"href":"https:\/\/www.all4customer-paris.com\/en\/wp-json\/wp\/v2\/types\/page"}],"author":[{"embeddable":true,"href":"https:\/\/www.all4customer-paris.com\/en\/wp-json\/wp\/v2\/users\/1"}],"replies":[{"embeddable":true,"href":"https:\/\/www.all4customer-paris.com\/en\/wp-json\/wp\/v2\/comments?post=923"}],"version-history":[{"count":0,"href":"https:\/\/www.all4customer-paris.com\/en\/wp-json\/wp\/v2\/pages\/923\/revisions"}],"wp:attachment":[{"href":"https:\/\/www.all4customer-paris.com\/en\/wp-json\/wp\/v2\/media?parent=923"}],"curies":[{"name":"wp","href":"https:\/\/api.w.org\/{rel}","templated":true}]}}